{"id":94,"date":"2022-05-10T11:11:59","date_gmt":"2022-05-10T11:11:59","guid":{"rendered":"https:\/\/www.laconex.martinlouda.com\/?page_id=94"},"modified":"2022-05-10T11:21:59","modified_gmt":"2022-05-10T11:21:59","slug":"outsourcing-sluzeb","status":"publish","type":"page","link":"https:\/\/www.laconex.martinlouda.com\/?page_id=94","title":{"rendered":"Outsourcing slu\u017eeb"},"content":{"rendered":"\n<p><strong>Zajist\u00edme outsourcing logistiky ve vlastn\u00edch skladech.<\/strong>&nbsp;Kompletn\u011b pro V\u00e1s vy\u0159e\u0161\u00edme logistick\u00e9 projekty a sn\u00ed\u017e\u00edme tak Va\u0161e n\u00e1klady p\u0159i provozov\u00e1n\u00ed vlastn\u00edch sklad\u016f. Postar\u00e1me se o ve\u0161ker\u00e9 logistick\u00e9 slu\u017eby pro e-shopy, vypo\u0159\u00e1d\u00e1n\u00ed objedn\u00e1vek, balen\u00ed a expedici objednan\u00e9ho zbo\u017e\u00ed, p\u0159epravu a distribuci zbo\u017e\u00ed. Aby i Va\u0161e spole\u010dnost poskytovala z\u00e1kazn\u00edk\u016fm ve\u0161ker\u00fd servis, my pro V\u00e1s r\u00e1di zajist\u00edme ve\u0161ker\u00fd mo\u017en\u00fd servis v oblasti logistiky.&nbsp;<strong>M\u016f\u017eeme pro V\u00e1s zajistit i spr\u00e1vu dat<\/strong>&nbsp;doporu\u010den\u00e9 spot\u0159eby zbo\u017e\u00ed, sledov\u00e1n\u00ed \u010d\u00edsel s\u00e9ri\u00ed a \u0161ar\u017e\u00ed, procesy s kontrolovanou teplotou a specifick\u00fdmi hygienick\u00fdmi po\u017eadavky, pop\u0159\u00edpad\u011b skladov\u00e1n\u00ed nebezpe\u010dn\u00e9ho zbo\u017e\u00ed. Z\u00e1le\u017e\u00ed opravdu jen na V\u00e1s a Va\u0161ich po\u017eadavc\u00edch.<\/p>\n","protected":false},"excerpt":{"rendered":"<p>Zajist\u00edme outsourcing logistiky ve vlastn\u00edch skladech.&nbsp;Kompletn\u011b pro V\u00e1s vy\u0159e\u0161\u00edme logistick\u00e9 projekty a sn\u00ed\u017e\u00edme tak Va\u0161e n\u00e1klady p\u0159i provozov\u00e1n\u00ed vlastn\u00edch sklad\u016f. Postar\u00e1me se o ve\u0161ker\u00e9 logistick\u00e9 slu\u017eby pro e-shopy, vypo\u0159\u00e1d\u00e1n\u00ed objedn\u00e1vek, balen\u00ed a expedici objednan\u00e9ho zbo\u017e\u00ed, p\u0159epravu a distribuci zbo\u017e\u00ed. Aby i Va\u0161e spole\u010dnost poskytovala z\u00e1kazn\u00edk\u016fm ve\u0161ker\u00fd servis, my pro V\u00e1s r\u00e1di zajist\u00edme ve\u0161ker\u00fd mo\u017en\u00fd servis [&hellip;]<\/p>\n","protected":false},"author":1,"featured_media":0,"parent":0,"menu_order":0,"comment_status":"closed","ping_status":"closed","template":"","meta":{"footnotes":""},"class_list":["post-94","page","type-page","status-publish","hentry"],"_links":{"self":[{"href":"https:\/\/www.laconex.martinlouda.com\/index.php?rest_route=\/wp\/v2\/pages\/94","targetHints":{"allow":["GET"]}}],"collection":[{"href":"https:\/\/www.laconex.martinlouda.com\/index.php?rest_route=\/wp\/v2\/pages"}],"about":[{"href":"https:\/\/www.laconex.martinlouda.com\/index.php?rest_route=\/wp\/v2\/types\/page"}],"author":[{"embeddable":true,"href":"https:\/\/www.laconex.martinlouda.com\/index.php?rest_route=\/wp\/v2\/users\/1"}],"replies":[{"embeddable":true,"href":"https:\/\/www.laconex.martinlouda.com\/index.php?rest_route=%2Fwp%2Fv2%2Fcomments&post=94"}],"version-history":[{"count":2,"href":"https:\/\/www.laconex.martinlouda.com\/index.php?rest_route=\/wp\/v2\/pages\/94\/revisions"}],"predecessor-version":[{"id":116,"href":"https:\/\/www.laconex.martinlouda.com\/index.php?rest_route=\/wp\/v2\/pages\/94\/revisions\/116"}],"wp:attachment":[{"href":"https:\/\/www.laconex.martinlouda.com\/index.php?rest_route=%2Fwp%2Fv2%2Fmedia&parent=94"}],"curies":[{"name":"wp","href":"https:\/\/api.w.org\/{rel}","templated":true}]}}