{"id":92,"date":"2022-05-10T11:11:26","date_gmt":"2022-05-10T11:11:26","guid":{"rendered":"https:\/\/www.laconex.martinlouda.com\/?page_id=92"},"modified":"2022-05-10T11:22:16","modified_gmt":"2022-05-10T11:22:16","slug":"baleni-zbozi","status":"publish","type":"page","link":"https:\/\/www.laconex.martinlouda.com\/?page_id=92","title":{"rendered":"Balen\u00ed zbo\u017e\u00ed"},"content":{"rendered":"\n<p>V r\u00e1mci na\u0161eho servisu pro V\u00e1s zaji\u0161\u0165ujeme tak\u00e9&nbsp;<strong>kompletaci z\u00e1silek a balen\u00ed zbo\u017e\u00ed<\/strong>. Zbo\u017e\u00ed bal\u00edme do krabi\u010dek, do s\u00e1\u010dk\u016f, do smr\u0161titeln\u00e9 f\u00f3lie, etiketujeme, kompletujeme atd. Z\u00e1le\u017e\u00ed opravdu jen na Va\u0161ich pot\u0159eb\u00e1ch a charakteru zbo\u017e\u00ed.&nbsp;<strong>V\u017edy V\u00e1m navrhneme vhodn\u00fd obalov\u00fd materi\u00e1l<\/strong>, kter\u00fd bude spl\u0148ovat ve\u0161ker\u00e1 krit\u00e9ria i Va\u0161e pot\u0159eby. Obal a proveden\u00ed zabalen\u00ed prezentuje Va\u0161e produkty a je tak i Va\u0161\u00ed vizitkou. V oboru balen\u00ed jsme profesion\u00e1ly my, p\u0159enechte jej proto na n\u00e1s a v\u011bnujte se Va\u0161emu podnik\u00e1n\u00ed.<\/p>\n","protected":false},"excerpt":{"rendered":"<p>V r\u00e1mci na\u0161eho servisu pro V\u00e1s zaji\u0161\u0165ujeme tak\u00e9&nbsp;kompletaci z\u00e1silek a balen\u00ed zbo\u017e\u00ed. Zbo\u017e\u00ed bal\u00edme do krabi\u010dek, do s\u00e1\u010dk\u016f, do smr\u0161titeln\u00e9 f\u00f3lie, etiketujeme, kompletujeme atd. Z\u00e1le\u017e\u00ed opravdu jen na Va\u0161ich pot\u0159eb\u00e1ch a charakteru zbo\u017e\u00ed.&nbsp;V\u017edy V\u00e1m navrhneme vhodn\u00fd obalov\u00fd materi\u00e1l, kter\u00fd bude spl\u0148ovat ve\u0161ker\u00e1 krit\u00e9ria i Va\u0161e pot\u0159eby. Obal a proveden\u00ed zabalen\u00ed prezentuje Va\u0161e produkty a je [&hellip;]<\/p>\n","protected":false},"author":1,"featured_media":63,"parent":0,"menu_order":0,"comment_status":"closed","ping_status":"closed","template":"","meta":{"footnotes":""},"class_list":["post-92","page","type-page","status-publish","has-post-thumbnail","hentry"],"_links":{"self":[{"href":"https:\/\/www.laconex.martinlouda.com\/index.php?rest_route=\/wp\/v2\/pages\/92","targetHints":{"allow":["GET"]}}],"collection":[{"href":"https:\/\/www.laconex.martinlouda.com\/index.php?rest_route=\/wp\/v2\/pages"}],"about":[{"href":"https:\/\/www.laconex.martinlouda.com\/index.php?rest_route=\/wp\/v2\/types\/page"}],"author":[{"embeddable":true,"href":"https:\/\/www.laconex.martinlouda.com\/index.php?rest_route=\/wp\/v2\/users\/1"}],"replies":[{"embeddable":true,"href":"https:\/\/www.laconex.martinlouda.com\/index.php?rest_route=%2Fwp%2Fv2%2Fcomments&post=92"}],"version-history":[{"count":2,"href":"https:\/\/www.laconex.martinlouda.com\/index.php?rest_route=\/wp\/v2\/pages\/92\/revisions"}],"predecessor-version":[{"id":118,"href":"https:\/\/www.laconex.martinlouda.com\/index.php?rest_route=\/wp\/v2\/pages\/92\/revisions\/118"}],"wp:featuredmedia":[{"embeddable":true,"href":"https:\/\/www.laconex.martinlouda.com\/index.php?rest_route=\/wp\/v2\/media\/63"}],"wp:attachment":[{"href":"https:\/\/www.laconex.martinlouda.com\/index.php?rest_route=%2Fwp%2Fv2%2Fmedia&parent=92"}],"curies":[{"name":"wp","href":"https:\/\/api.w.org\/{rel}","templated":true}]}}