{"id":90,"date":"2022-05-10T11:11:00","date_gmt":"2022-05-10T11:11:00","guid":{"rendered":"https:\/\/www.laconex.martinlouda.com\/?page_id=90"},"modified":"2022-05-10T11:22:23","modified_gmt":"2022-05-10T11:22:23","slug":"logistika","status":"publish","type":"page","link":"https:\/\/www.laconex.martinlouda.com\/?page_id=90","title":{"rendered":"Logistika"},"content":{"rendered":"\n<p><strong>Kvalitn\u00ed logistika je z\u00e1kladem \u00fasp\u011b\u0161n\u00e9ho podnik\u00e1n\u00ed<\/strong>&nbsp;t\u00e9m\u011b\u0159 v kter\u00e9mkoli oboru. Nab\u00edz\u00edme zaji\u0161t\u011bn\u00ed kompletn\u00edch logistick\u00fdch slu\u017eeb od skladov\u00e1n\u00ed p\u0159es kompletaci objedn\u00e1vek a\u017e po zabalen\u00ed a doru\u010den\u00ed z\u00e1kazn\u00edkovi v\u010detn\u011b dob\u00edrky. D\u00edky na\u0161emu servisu \u0161et\u0159\u00edte V\u00e1\u0161 \u010das i finan\u010dn\u00ed prost\u0159edky a zvy\u0161ujete tak svou konkurenceschopnost. Nemus\u00edte investovat do zaji\u0161t\u011bn\u00ed vlastn\u00edch skladovac\u00edch prostor, odpov\u011bdnost za v\u010dasn\u00e9 p\u0159ed\u00e1n\u00ed z\u00e1silek p\u0159eb\u00edr\u00e1me tak\u00e9 my.&nbsp;<strong>Specializujeme se rovn\u011b\u017e na logistickou podporu pro e-shopy.<\/strong><\/p>\n","protected":false},"excerpt":{"rendered":"<p>Kvalitn\u00ed logistika je z\u00e1kladem \u00fasp\u011b\u0161n\u00e9ho podnik\u00e1n\u00ed&nbsp;t\u00e9m\u011b\u0159 v kter\u00e9mkoli oboru. Nab\u00edz\u00edme zaji\u0161t\u011bn\u00ed kompletn\u00edch logistick\u00fdch slu\u017eeb od skladov\u00e1n\u00ed p\u0159es kompletaci objedn\u00e1vek a\u017e po zabalen\u00ed a doru\u010den\u00ed z\u00e1kazn\u00edkovi v\u010detn\u011b dob\u00edrky. D\u00edky na\u0161emu servisu \u0161et\u0159\u00edte V\u00e1\u0161 \u010das i finan\u010dn\u00ed prost\u0159edky a zvy\u0161ujete tak svou konkurenceschopnost. Nemus\u00edte investovat do zaji\u0161t\u011bn\u00ed vlastn\u00edch skladovac\u00edch prostor, odpov\u011bdnost za v\u010dasn\u00e9 p\u0159ed\u00e1n\u00ed z\u00e1silek p\u0159eb\u00edr\u00e1me tak\u00e9 [&hellip;]<\/p>\n","protected":false},"author":1,"featured_media":0,"parent":0,"menu_order":0,"comment_status":"closed","ping_status":"closed","template":"","meta":{"footnotes":""},"class_list":["post-90","page","type-page","status-publish","hentry"],"_links":{"self":[{"href":"https:\/\/www.laconex.martinlouda.com\/index.php?rest_route=\/wp\/v2\/pages\/90","targetHints":{"allow":["GET"]}}],"collection":[{"href":"https:\/\/www.laconex.martinlouda.com\/index.php?rest_route=\/wp\/v2\/pages"}],"about":[{"href":"https:\/\/www.laconex.martinlouda.com\/index.php?rest_route=\/wp\/v2\/types\/page"}],"author":[{"embeddable":true,"href":"https:\/\/www.laconex.martinlouda.com\/index.php?rest_route=\/wp\/v2\/users\/1"}],"replies":[{"embeddable":true,"href":"https:\/\/www.laconex.martinlouda.com\/index.php?rest_route=%2Fwp%2Fv2%2Fcomments&post=90"}],"version-history":[{"count":2,"href":"https:\/\/www.laconex.martinlouda.com\/index.php?rest_route=\/wp\/v2\/pages\/90\/revisions"}],"predecessor-version":[{"id":119,"href":"https:\/\/www.laconex.martinlouda.com\/index.php?rest_route=\/wp\/v2\/pages\/90\/revisions\/119"}],"wp:attachment":[{"href":"https:\/\/www.laconex.martinlouda.com\/index.php?rest_route=%2Fwp%2Fv2%2Fmedia&parent=90"}],"curies":[{"name":"wp","href":"https:\/\/api.w.org\/{rel}","templated":true}]}}