{"id":88,"date":"2022-05-10T11:10:35","date_gmt":"2022-05-10T11:10:35","guid":{"rendered":"https:\/\/www.laconex.martinlouda.com\/?page_id=88"},"modified":"2022-05-10T11:22:10","modified_gmt":"2022-05-10T11:22:10","slug":"skladovani","status":"publish","type":"page","link":"https:\/\/www.laconex.martinlouda.com\/?page_id=88","title":{"rendered":"Skladov\u00e1n\u00ed"},"content":{"rendered":"\n<p><strong>Skladov\u00e1n\u00ed je sou\u010d\u00e1st\u00ed logistick\u00fdch slu\u017eeb<\/strong>, kter\u00e9 poskytuje na\u0161e spole\u010dnost. Postar\u00e1me se o skladov\u00e1n\u00ed v na\u0161ich prostor\u00e1ch i ve Va\u0161ich skladech. Disponujeme nejmodern\u011bj\u0161\u00ed skladovac\u00ed technikou a na\u0161e skladovac\u00ed prostory spl\u0148uj\u00ed ve\u0161ker\u00e1 krit\u00e9ria pro skladov\u00e9 hospod\u00e1\u0159stv\u00ed.&nbsp;<strong>Neust\u00e1le se vyv\u00edj\u00edme a inovujeme<\/strong>. Skladujeme zbo\u017e\u00ed standardn\u00edch rozm\u011br\u016f pro palety i specifick\u00e9 nestandardn\u011b balen\u00e9 zbo\u017e\u00ed. Na z\u00e1klad\u011b Va\u0161ich po\u017eadavk\u016f nalezneme vhodnou lokalitu a sklady odpov\u00eddaj\u00edc\u00ed Va\u0161im pot\u0159eb\u00e1m.<\/p>\n","protected":false},"excerpt":{"rendered":"<p>Skladov\u00e1n\u00ed je sou\u010d\u00e1st\u00ed logistick\u00fdch slu\u017eeb, kter\u00e9 poskytuje na\u0161e spole\u010dnost. Postar\u00e1me se o skladov\u00e1n\u00ed v na\u0161ich prostor\u00e1ch i ve Va\u0161ich skladech. Disponujeme nejmodern\u011bj\u0161\u00ed skladovac\u00ed technikou a na\u0161e skladovac\u00ed prostory spl\u0148uj\u00ed ve\u0161ker\u00e1 krit\u00e9ria pro skladov\u00e9 hospod\u00e1\u0159stv\u00ed.&nbsp;Neust\u00e1le se vyv\u00edj\u00edme a inovujeme. Skladujeme zbo\u017e\u00ed standardn\u00edch rozm\u011br\u016f pro palety i specifick\u00e9 nestandardn\u011b balen\u00e9 zbo\u017e\u00ed. Na z\u00e1klad\u011b Va\u0161ich po\u017eadavk\u016f nalezneme vhodnou [&hellip;]<\/p>\n","protected":false},"author":1,"featured_media":41,"parent":0,"menu_order":0,"comment_status":"closed","ping_status":"closed","template":"","meta":{"footnotes":""},"class_list":["post-88","page","type-page","status-publish","has-post-thumbnail","hentry"],"_links":{"self":[{"href":"https:\/\/www.laconex.martinlouda.com\/index.php?rest_route=\/wp\/v2\/pages\/88","targetHints":{"allow":["GET"]}}],"collection":[{"href":"https:\/\/www.laconex.martinlouda.com\/index.php?rest_route=\/wp\/v2\/pages"}],"about":[{"href":"https:\/\/www.laconex.martinlouda.com\/index.php?rest_route=\/wp\/v2\/types\/page"}],"author":[{"embeddable":true,"href":"https:\/\/www.laconex.martinlouda.com\/index.php?rest_route=\/wp\/v2\/users\/1"}],"replies":[{"embeddable":true,"href":"https:\/\/www.laconex.martinlouda.com\/index.php?rest_route=%2Fwp%2Fv2%2Fcomments&post=88"}],"version-history":[{"count":2,"href":"https:\/\/www.laconex.martinlouda.com\/index.php?rest_route=\/wp\/v2\/pages\/88\/revisions"}],"predecessor-version":[{"id":117,"href":"https:\/\/www.laconex.martinlouda.com\/index.php?rest_route=\/wp\/v2\/pages\/88\/revisions\/117"}],"wp:featuredmedia":[{"embeddable":true,"href":"https:\/\/www.laconex.martinlouda.com\/index.php?rest_route=\/wp\/v2\/media\/41"}],"wp:attachment":[{"href":"https:\/\/www.laconex.martinlouda.com\/index.php?rest_route=%2Fwp%2Fv2%2Fmedia&parent=88"}],"curies":[{"name":"wp","href":"https:\/\/api.w.org\/{rel}","templated":true}]}}